{"id":623,"date":"2025-04-24T15:32:26","date_gmt":"2025-04-24T15:32:26","guid":{"rendered":"https:\/\/ubuildsb.com\/agricole\/"},"modified":"2025-07-07T16:45:36","modified_gmt":"2025-07-07T16:45:36","slug":"agricole","status":"publish","type":"page","link":"https:\/\/ubuildsb.com\/fr\/types-de-batiments\/agricole\/","title":{"rendered":"Agricole"},"content":{"rendered":"<h2>Types de b\u00e2timents agricoles<\/h2>\n<p>Lorsque vous \u00eates pr\u00eat \u00e0 \u00e9tendre vos activit\u00e9s, choisissez un b\u00e2timent en acier pour favoriser votre croissance et prot\u00e9ger vos investissements. Nos b\u00e2timents en acier sont con\u00e7us selon vos exigences, pour que vous puissiez atteindre vos objectifs tout en planifiant simultan\u00e9ment votre expansion.<\/p>\n<p>Nous offrons une multitude de solutions de b\u00e2timents agricoles en acier, notamment\u00a0:<\/p>\n<ul>\n<li>Ateliers<\/li>\n<li>Hangars \u00e0 machines<\/li>\n<li>Entrep\u00f4t d\u2019\u00e9quipement et de loisirs<\/li>\n<li>Entrep\u00f4t de pommes de terre et de l\u00e9gumes<\/li>\n<li>Entrep\u00f4t de c\u00e9r\u00e9ales et d\u2019engrais<\/li>\n<li>Abris pour le foin et les aliments<\/li>\n<li>Abris pour le b\u00e9tail et granges<\/li>\n<li>\u00c9curies et man\u00e8ge<\/li>\n<li>Entrep\u00f4ts<\/li>\n<li>Installations de tri et de transformation<\/li>\n<li>Annexes<\/li>\n<li>Bureaux, devantures de magasins et b\u00e2timents commerciaux<\/li>\n<\/ul>\n<p>Quels que soient vos besoins en mati\u00e8re de b\u00e2timents agricoles, nous avons tout ce qu\u2019il vous faut \u2013 le toit, les murs et tout le reste!<\/p>\n","protected":false},"excerpt":{"rendered":"<p>Types de b\u00e2timents agricoles Lorsque vous \u00eates pr\u00eat \u00e0 \u00e9tendre vos activit\u00e9s, choisissez un b\u00e2timent en acier pour favoriser votre croissance et prot\u00e9ger vos investissements. Nos b\u00e2timents en acier sont con\u00e7us selon vos exigences, pour que vous puissiez atteindre vos objectifs tout en planifiant simultan\u00e9ment votre expansion. Nous offrons une multitude de solutions de b\u00e2timents [&hellip;]<\/p>\n","protected":false},"author":1,"featured_media":621,"parent":624,"menu_order":0,"comment_status":"closed","ping_status":"closed","template":"template-default.php","meta":{"_acf_changed":false,"content-type":"","footnotes":""},"class_list":["post-623","page","type-page","status-publish","has-post-thumbnail","hentry"],"acf":[],"_links":{"self":[{"href":"https:\/\/ubuildsb.com\/fr\/wp-json\/wp\/v2\/pages\/623","targetHints":{"allow":["GET"]}}],"collection":[{"href":"https:\/\/ubuildsb.com\/fr\/wp-json\/wp\/v2\/pages"}],"about":[{"href":"https:\/\/ubuildsb.com\/fr\/wp-json\/wp\/v2\/types\/page"}],"author":[{"embeddable":true,"href":"https:\/\/ubuildsb.com\/fr\/wp-json\/wp\/v2\/users\/1"}],"replies":[{"embeddable":true,"href":"https:\/\/ubuildsb.com\/fr\/wp-json\/wp\/v2\/comments?post=623"}],"version-history":[{"count":2,"href":"https:\/\/ubuildsb.com\/fr\/wp-json\/wp\/v2\/pages\/623\/revisions"}],"predecessor-version":[{"id":1072,"href":"https:\/\/ubuildsb.com\/fr\/wp-json\/wp\/v2\/pages\/623\/revisions\/1072"}],"up":[{"embeddable":true,"href":"https:\/\/ubuildsb.com\/fr\/wp-json\/wp\/v2\/pages\/624"}],"wp:featuredmedia":[{"embeddable":true,"href":"https:\/\/ubuildsb.com\/fr\/wp-json\/wp\/v2\/media\/621"}],"wp:attachment":[{"href":"https:\/\/ubuildsb.com\/fr\/wp-json\/wp\/v2\/media?parent=623"}],"curies":[{"name":"wp","href":"https:\/\/api.w.org\/{rel}","templated":true}]}}